{"id":232,"date":"2022-05-25T12:35:38","date_gmt":"2022-05-25T11:35:38","guid":{"rendered":"http:\/\/cms.ffw-sandelzhausen.de\/?page_id=232"},"modified":"2022-05-25T12:35:38","modified_gmt":"2022-05-25T11:35:38","slug":"chronik","status":"publish","type":"page","link":"https:\/\/ffw-sandelzhausen.de\/?page_id=232","title":{"rendered":"Chronik"},"content":{"rendered":"\n<h1 class=\"wp-block-heading\">Auszug aus der Chronik unsere Feuerwehr<br>Gr\u00fcndung der FFW Sandelzhausen<\/h1>\n\n\n\n<p>Die Freiwillige Feuerwehr Sandelzhausen wurde im Jahre 1874 gegr\u00fcndet. Das Eintrittsdatum der Gr\u00fcndungsmitglieder ist datiert auf den 1. Mai 1874. Bereits im Jahre 1880 hatte die Feuerwehr Sandelzhausen 50 Mitglieder. Im Jahre 1884 waren es 81 aktive Mitglieder. Hauptmann war der Maurer Josef Winkler. Adjutant war Andreas Spitzauer. Als Zugf\u00fchrer sind Lorenz Freiberger und Leonhard Hauser eingetragen. Fahnenjunker Michael Nieberl und Zeugwart Thomas Voit vervollst\u00e4ndigten die damalige F\u00fchrungsmannschaft. Auch der damalige B\u00fcrgermeister Johann Winkler war Mitglied der Feuerwehr. Joseph Haltenberger und der \u00d6konom Xaver Bachmeier aus Kleingundertshausen waren die Nachfolger des damaligen Hauptmanns. Mit Albert Reichart war im Jahre 1988 erstmals von einem Vorstand die Rede.<\/p>\n\n\n\n<p><strong><em>Gr\u00fcndungsmitglieder<\/em><\/strong><\/p>\n\n\n\n<p>Die Gr\u00fcndungsmitglieder k\u00f6nnen lediglich aus einer Mitgliedesliste des Jahres 1880 entnommen werden. Es ist also m\u00f6glich, dass jemand vor 1880 ausgeschieden ist und deshalb nicht mehr aufgef\u00fchrt wurde. Mit dem Eintrittsdatum vom 1.Mai 1874 sind folgende Personen angegeben:<\/p>\n\n\n\n<figure class=\"wp-block-table\"><table><tbody><tr><td><strong>Name\/Vorname<\/strong><\/td><td><strong>Beruf<\/strong><\/td><td><strong>Wohnort<\/strong><\/td><\/tr><tr><td><\/td><td><\/td><td><\/td><\/tr><tr><td>Bachmaier Andreas<\/td><td>\u00d6konom<\/td><td>Kleingundertshausen<\/td><\/tr><tr><td>Greiner Johann senior<\/td><td>G\u00fctler<\/td><td>Sandelzhausen<\/td><\/tr><tr><td>Greiner Michl<\/td><td>G\u00fctler<\/td><td>Sandelzhausen<\/td><\/tr><tr><td>Gebendorfer Johann<\/td><td>G\u00fctler<\/td><td>Sandelzhausen<\/td><\/tr><tr><td>H\u00f6sl Johann<\/td><td>Bauer<\/td><td>Sandelzhausen<\/td><\/tr><tr><td>Kolmeder Johann<\/td><td>Zimmermann<\/td><td>Sandelzhausen<\/td><\/tr><tr><td>Oswald Martin<\/td><td>G\u00fctler<\/td><td>Sandelzhausen<\/td><\/tr><tr><td>Pitzl Georg<\/td><td>&nbsp;<\/td><td>Sandelzhausen<\/td><\/tr><tr><td>Spitzauer Georg<\/td><td>Bauer<\/td><td>Sandelzhausen<\/td><\/tr><tr><td>Schaubeck M.<\/td><td>&nbsp;<\/td><td>Sandelzhausen<\/td><\/tr><tr><td>Schaubeck Johann<\/td><td>&nbsp;<\/td><td>Sandelzhausen<\/td><\/tr><tr><td>Springer<\/td><td>Zimmermann<\/td><td>Sandelzhausen<\/td><\/tr><tr><td>Voit Konrad<\/td><td>Schmiedmeister<\/td><td>Sandelzhausen<\/td><\/tr><tr><td>Winkler Joseph<\/td><td>Maurer<\/td><td>Sandelzhausen<\/td><\/tr><tr><td>Stand: 1. Mai 1874<\/td><\/tr><\/tbody><\/table><\/figure>\n","protected":false},"excerpt":{"rendered":"<p>Auszug aus der Chronik unsere FeuerwehrGr\u00fcndung der FFW Sandelzhausen Die Freiwillige Feuerwehr Sandelzhausen wurde im Jahre 1874 gegr\u00fcndet. Das Eintrittsdatum der Gr\u00fcndungsmitglieder ist datiert auf den 1. Mai 1874. Bereits im Jahre 1880 hatte die Feuerwehr Sandelzhausen 50 Mitglieder. Im Jahre 1884 waren es 81 aktive Mitglieder. Hauptmann war der Maurer Josef Winkler. Adjutant war &hellip; <\/p>\n<p class=\"link-more\"><a href=\"https:\/\/ffw-sandelzhausen.de\/?page_id=232\" class=\"more-link\"><span class=\"screen-reader-text\">\u201eChronik\u201c<\/span> weiterlesen<\/a><\/p>\n","protected":false},"author":1,"featured_media":0,"parent":0,"menu_order":0,"comment_status":"closed","ping_status":"closed","template":"","meta":{"footnotes":""},"class_list":["post-232","page","type-page","status-publish","hentry"],"_links":{"self":[{"href":"https:\/\/ffw-sandelzhausen.de\/index.php?rest_route=\/wp\/v2\/pages\/232","targetHints":{"allow":["GET"]}}],"collection":[{"href":"https:\/\/ffw-sandelzhausen.de\/index.php?rest_route=\/wp\/v2\/pages"}],"about":[{"href":"https:\/\/ffw-sandelzhausen.de\/index.php?rest_route=\/wp\/v2\/types\/page"}],"author":[{"embeddable":true,"href":"https:\/\/ffw-sandelzhausen.de\/index.php?rest_route=\/wp\/v2\/users\/1"}],"replies":[{"embeddable":true,"href":"https:\/\/ffw-sandelzhausen.de\/index.php?rest_route=%2Fwp%2Fv2%2Fcomments&post=232"}],"version-history":[{"count":1,"href":"https:\/\/ffw-sandelzhausen.de\/index.php?rest_route=\/wp\/v2\/pages\/232\/revisions"}],"predecessor-version":[{"id":234,"href":"https:\/\/ffw-sandelzhausen.de\/index.php?rest_route=\/wp\/v2\/pages\/232\/revisions\/234"}],"wp:attachment":[{"href":"https:\/\/ffw-sandelzhausen.de\/index.php?rest_route=%2Fwp%2Fv2%2Fmedia&parent=232"}],"curies":[{"name":"wp","href":"https:\/\/api.w.org\/{rel}","templated":true}]}}