{"id":235,"date":"2022-05-25T12:37:28","date_gmt":"2022-05-25T11:37:28","guid":{"rendered":"http:\/\/cms.ffw-sandelzhausen.de\/?page_id=235"},"modified":"2025-05-18T14:28:55","modified_gmt":"2025-05-18T12:28:55","slug":"vorstandschaft","status":"publish","type":"page","link":"https:\/\/ffw-sandelzhausen.de\/?page_id=235","title":{"rendered":"Vorstandschaft"},"content":{"rendered":"\n\n\n<figure class=\"wp-block-table\"><table><tbody><tr><td><strong><u>Nachname<\/u><\/strong><\/td><td><strong><u>Vorname<\/u><\/strong><\/td><td><strong><u>Ort<\/u><\/strong><\/td><td><strong><u>Funktion<\/u><\/strong><\/td><\/tr><tr><td><\/td><td><\/td><td><\/td><td><\/td><\/tr><tr><td>Ziehfreund<\/td><td>Maximilian<\/td><td>Sandelzhausen<\/td><td>1. Vorstand<\/td><\/tr><tr><td>Rauner<\/td><td>Manfred<\/td><td>Sandelzhausen<\/td><td>2. Vorstand<\/td><\/tr><tr><td>Waitschull<\/td><td>Ingo<\/td><td>Sandelzhausen<\/td><td>1. Kommandant<\/td><\/tr><tr><td>Kirmair<\/td><td>Daniel<\/td><td>Sandelzhausen<\/td><td>2. Kommandant<\/td><\/tr><tr><td>Resch<\/td><td>Martin<\/td><td>Sandelzhausen<\/td><td>Schriftf\u00fchrer<\/td><\/tr><tr><td>Ziehfreund<\/td><td>Alexander<\/td><td>Sandelzhausen<\/td><td>Kassier<\/td><\/tr><tr><td>Dittrich<\/td><td>Markus<\/td><td>Sandelzhausen<\/td><td>1. Ger\u00e4tewart<\/td><\/tr><tr><td>Ruhfa\u00df<\/td><td>Tobias<\/td><td>Sandelzhausen<\/td><td>1. Jugendwart<\/td><\/tr><tr><td>Auer<\/td><td>Sebastian<\/td><td>Sandelzhausen<\/td><td>1. Atemschutzger\u00e4tewart<\/td><\/tr><tr><td>Gerlsbeck<\/td><td>Alexander<\/td><td>Sandelzhausen<\/td><td>Beisitzer<\/td><\/tr><tr><td>Langwieser<\/td><td>Alfons<\/td><td>Sandelzhausen<\/td><td>Beisitzer<\/td><\/tr><tr><td>Welzhofer<\/td><td>Markus<\/td><td>Sandelzhausen<\/td><td>1. Funkwart<\/td><\/tr><\/tbody><\/table><\/figure>\n","protected":false},"excerpt":{"rendered":"<p>Nachname Vorname Ort Funktion Ziehfreund Maximilian Sandelzhausen 1. Vorstand Rauner Manfred Sandelzhausen 2. Vorstand Waitschull Ingo Sandelzhausen 1. Kommandant Kirmair Daniel Sandelzhausen 2. Kommandant Resch Martin Sandelzhausen Schriftf\u00fchrer Ziehfreund Alexander Sandelzhausen Kassier Dittrich Markus Sandelzhausen 1. Ger\u00e4tewart Ruhfa\u00df Tobias Sandelzhausen 1. Jugendwart Auer Sebastian Sandelzhausen 1. Atemschutzger\u00e4tewart Gerlsbeck Alexander Sandelzhausen Beisitzer Langwieser Alfons Sandelzhausen Beisitzer &hellip; <\/p>\n<p class=\"link-more\"><a href=\"https:\/\/ffw-sandelzhausen.de\/?page_id=235\" class=\"more-link\"><span class=\"screen-reader-text\">\u201eVorstandschaft\u201c<\/span> weiterlesen<\/a><\/p>\n","protected":false},"author":1,"featured_media":0,"parent":0,"menu_order":0,"comment_status":"closed","ping_status":"closed","template":"","meta":{"footnotes":""},"class_list":["post-235","page","type-page","status-publish","hentry"],"_links":{"self":[{"href":"https:\/\/ffw-sandelzhausen.de\/index.php?rest_route=\/wp\/v2\/pages\/235","targetHints":{"allow":["GET"]}}],"collection":[{"href":"https:\/\/ffw-sandelzhausen.de\/index.php?rest_route=\/wp\/v2\/pages"}],"about":[{"href":"https:\/\/ffw-sandelzhausen.de\/index.php?rest_route=\/wp\/v2\/types\/page"}],"author":[{"embeddable":true,"href":"https:\/\/ffw-sandelzhausen.de\/index.php?rest_route=\/wp\/v2\/users\/1"}],"replies":[{"embeddable":true,"href":"https:\/\/ffw-sandelzhausen.de\/index.php?rest_route=%2Fwp%2Fv2%2Fcomments&post=235"}],"version-history":[{"count":7,"href":"https:\/\/ffw-sandelzhausen.de\/index.php?rest_route=\/wp\/v2\/pages\/235\/revisions"}],"predecessor-version":[{"id":464,"href":"https:\/\/ffw-sandelzhausen.de\/index.php?rest_route=\/wp\/v2\/pages\/235\/revisions\/464"}],"wp:attachment":[{"href":"https:\/\/ffw-sandelzhausen.de\/index.php?rest_route=%2Fwp%2Fv2%2Fmedia&parent=235"}],"curies":[{"name":"wp","href":"https:\/\/api.w.org\/{rel}","templated":true}]}}