{"id":241,"date":"2022-05-25T12:46:07","date_gmt":"2022-05-25T11:46:07","guid":{"rendered":"http:\/\/cms.ffw-sandelzhausen.de\/?page_id=241"},"modified":"2025-05-18T17:17:42","modified_gmt":"2025-05-18T15:17:42","slug":"mannschaft","status":"publish","type":"page","link":"https:\/\/ffw-sandelzhausen.de\/?page_id=241","title":{"rendered":"Mannschaft"},"content":{"rendered":"\n<h1 class=\"wp-block-heading\"><\/h1>\n\n\n\n<figure class=\"wp-block-image size-large\"><img loading=\"lazy\" decoding=\"async\" width=\"1024\" height=\"683\" src=\"https:\/\/ffw-sandelzhausen.de\/wp-content\/uploads\/2025\/05\/1000122427-1024x683.jpg\" alt=\"\" class=\"wp-image-467\" srcset=\"https:\/\/ffw-sandelzhausen.de\/wp-content\/uploads\/2025\/05\/1000122427-1024x683.jpg 1024w, https:\/\/ffw-sandelzhausen.de\/wp-content\/uploads\/2025\/05\/1000122427-300x200.jpg 300w, https:\/\/ffw-sandelzhausen.de\/wp-content\/uploads\/2025\/05\/1000122427-768x512.jpg 768w, https:\/\/ffw-sandelzhausen.de\/wp-content\/uploads\/2025\/05\/1000122427-1536x1024.jpg 1536w, https:\/\/ffw-sandelzhausen.de\/wp-content\/uploads\/2025\/05\/1000122427.jpg 1920w\" sizes=\"auto, (max-width: 767px) 89vw, (max-width: 1000px) 54vw, (max-width: 1071px) 543px, 580px\" \/><\/figure>\n\n\n\n<p>Erste Reihe vorne links sitzend: Sebastian Auer, Alexander Baierl, Markus Dittrich, Matthias Ziegltrum, Christoph Schaubeck, Alois Selmaier, Paul Reitmeier, Engelber Kolmeder, Alexander Gerlsbeck,<\/p>\n\n\n\n<p>Zweite Reihe: Daniel Kirmair, Andy Glas, Rainer M\u00e4rz, Martin Stadler, Heinz S\u00e4nger, Andreas Hartmeier, Martin Resch, Luis Hadersberger, Maximilian Ziehfreund, Tobias Ruhfa\u00df, Alfons Langwieser, Manfred Rauner<\/p>\n\n\n\n<p>Dritte Reihe: Alexander Ziehfreund, Maximilian Wimmer, Ralph Fersch, Daniel Wimmer, Marc Willnauer, Thomas Langwieser, Manfred Fersch, Josef Ertlmeier, Markus Welzhofer, Ingo Waitschull<\/p>\n\n\n\n<p><\/p>\n\n\n\n<figure class=\"wp-block-image size-large\"><img loading=\"lazy\" decoding=\"async\" width=\"1024\" height=\"680\" src=\"http:\/\/cms.ffw-sandelzhausen.de\/wp-content\/uploads\/2022\/05\/mannschaft11-1024x680.jpg\" alt=\"\" class=\"wp-image-242\" srcset=\"https:\/\/ffw-sandelzhausen.de\/wp-content\/uploads\/2022\/05\/mannschaft11-1024x680.jpg 1024w, https:\/\/ffw-sandelzhausen.de\/wp-content\/uploads\/2022\/05\/mannschaft11-300x199.jpg 300w, https:\/\/ffw-sandelzhausen.de\/wp-content\/uploads\/2022\/05\/mannschaft11-768x510.jpg 768w, https:\/\/ffw-sandelzhausen.de\/wp-content\/uploads\/2022\/05\/mannschaft11.jpg 1156w\" sizes=\"auto, (max-width: 767px) 89vw, (max-width: 1000px) 54vw, (max-width: 1071px) 543px, 580px\" \/><\/figure>\n\n\n\n<div class=\"wp-block-columns is-layout-flex wp-container-core-columns-is-layout-9d6595d7 wp-block-columns-is-layout-flex\">\n<div class=\"wp-block-column is-layout-flow wp-block-column-is-layout-flow\" style=\"flex-basis:100%\">\n<div class=\"wp-block-group\"><div class=\"wp-block-group__inner-container is-layout-flow wp-block-group-is-layout-flow\">\nErste Reihe von links: \nHeiliger Josef, Rauner Roland, Kirmair Daniel, Kufner Soliver, Schmid \nAnnabell, Summerer Johann, Kufner Sandra, Kufner Katrin, Rottler Martin, \nRaab Alexander, Auer Sebastian\n\nErste Reihe stehend: \nPriller Manfred, Sedlmeier Andreas, Stadler Martin, \nHartmeier Andreas, Wengermaier Norbert, Senger Heinz, Ertlmaier Josef,&nbsp; \nResch Manfred, Selmaier Alois, Niedermaier Gerhard, Fersch Christian, Riedl Max\n\nZweite Reihe stehend: \nResch Martin, Welzhofer Markus, Rauner Manfred, Baierl \nAlexander, Niedermaier Christian, Fertl Christian, Niedermaier Stephan, Schaubeck Christoph\n<\/div><\/div>\n<\/div>\n<\/div>\n\n\n\n<figure class=\"wp-block-image size-full is-resized\"><img loading=\"lazy\" decoding=\"async\" width=\"515\" height=\"238\" src=\"http:\/\/cms.ffw-sandelzhausen.de\/wp-content\/uploads\/2022\/05\/mannschaft99.jpg\" alt=\"\" class=\"wp-image-244\" style=\"width:674px;height:311px\" srcset=\"https:\/\/ffw-sandelzhausen.de\/wp-content\/uploads\/2022\/05\/mannschaft99.jpg 515w, https:\/\/ffw-sandelzhausen.de\/wp-content\/uploads\/2022\/05\/mannschaft99-300x139.jpg 300w\" sizes=\"auto, (max-width: 515px) 100vw, 515px\" \/><\/figure>\n\n\n\nErste Reihe von links: Alexander Baierl,\nG\u00fcnter Oppolzer, Peter Maderholz, Markus Reitmeier, Werner Gr\u00fcner, Stefan Kolmeder,\nAndreas Walter, Thomas Zeislmeier, Gottfried Aigner zweite Reihe: J\u00fcrgen\nHeilig, Christian Fertl, Josef M\u00e4rz, Michael Zierer, Rudolf Schaubeck, Georg\nSengen, Johann Bachner, Norbert Wengermaier, Werner Zander \nerste Reihe stehend: Ralf Holzapfel, Max Riedl,\nJosef Ertlmaier, Rainer M\u00e4rz, Georg Niedermaier, Christian Bachner, Heinz\nSengen Christian Fersch, Klaus Kirmair, Richard Deindl, Manfred Priller,\nAndreas Sedlmeier, Paul Reitmeier, Thomas Langwieser \nzweite Reihe stehend:\nThomas Elsner, Martin Stadler, Engelbert Kolmeder, Manfred Resch,\nMarkus Goldbrunner, Konrad Bachmaier, Josef Brunschweiger, Josef Krauser,\nFranz Zeilnhofer <\/i>\u2014 <i>hintere Reihe: Georg Niedermaier, Johann\nWengermaier, Johann Weinzierl, Stefan Langwieser, Manfred Rauner G\u00fcnther\nVoit, Christoph Schaubeck, Christian Schaubeck, Johann Summerer, Alois\nSelmaier und Johann Ertlmaier <\/i>\u2014<i>nicht auf dem Foto: Wolfgang G\u00f6tting,\nMario Hadersberger, Richard M\u00e4rkl, Josef Mauriz und Sebastian Rauscher\n","protected":false},"excerpt":{"rendered":"<p>Erste Reihe vorne links sitzend: Sebastian Auer, Alexander Baierl, Markus Dittrich, Matthias Ziegltrum, Christoph Schaubeck, Alois Selmaier, Paul Reitmeier, Engelber Kolmeder, Alexander Gerlsbeck, Zweite Reihe: Daniel Kirmair, Andy Glas, Rainer M\u00e4rz, Martin Stadler, Heinz S\u00e4nger, Andreas Hartmeier, Martin Resch, Luis Hadersberger, Maximilian Ziehfreund, Tobias Ruhfa\u00df, Alfons Langwieser, Manfred Rauner Dritte Reihe: Alexander Ziehfreund, Maximilian Wimmer, &hellip; <\/p>\n<p class=\"link-more\"><a href=\"https:\/\/ffw-sandelzhausen.de\/?page_id=241\" class=\"more-link\"><span class=\"screen-reader-text\">\u201eMannschaft\u201c<\/span> weiterlesen<\/a><\/p>\n","protected":false},"author":1,"featured_media":0,"parent":0,"menu_order":0,"comment_status":"closed","ping_status":"closed","template":"","meta":{"footnotes":""},"class_list":["post-241","page","type-page","status-publish","hentry"],"_links":{"self":[{"href":"https:\/\/ffw-sandelzhausen.de\/index.php?rest_route=\/wp\/v2\/pages\/241","targetHints":{"allow":["GET"]}}],"collection":[{"href":"https:\/\/ffw-sandelzhausen.de\/index.php?rest_route=\/wp\/v2\/pages"}],"about":[{"href":"https:\/\/ffw-sandelzhausen.de\/index.php?rest_route=\/wp\/v2\/types\/page"}],"author":[{"embeddable":true,"href":"https:\/\/ffw-sandelzhausen.de\/index.php?rest_route=\/wp\/v2\/users\/1"}],"replies":[{"embeddable":true,"href":"https:\/\/ffw-sandelzhausen.de\/index.php?rest_route=%2Fwp%2Fv2%2Fcomments&post=241"}],"version-history":[{"count":6,"href":"https:\/\/ffw-sandelzhausen.de\/index.php?rest_route=\/wp\/v2\/pages\/241\/revisions"}],"predecessor-version":[{"id":471,"href":"https:\/\/ffw-sandelzhausen.de\/index.php?rest_route=\/wp\/v2\/pages\/241\/revisions\/471"}],"wp:attachment":[{"href":"https:\/\/ffw-sandelzhausen.de\/index.php?rest_route=%2Fwp%2Fv2%2Fmedia&parent=241"}],"curies":[{"name":"wp","href":"https:\/\/api.w.org\/{rel}","templated":true}]}}