{"id":268,"date":"2022-05-25T13:31:57","date_gmt":"2022-05-25T12:31:57","guid":{"rendered":"http:\/\/cms.ffw-sandelzhausen.de\/?page_id=268"},"modified":"2023-12-16T18:21:21","modified_gmt":"2023-12-16T17:21:21","slug":"geraetehaus","status":"publish","type":"page","link":"https:\/\/ffw-sandelzhausen.de\/?page_id=268","title":{"rendered":"Ger\u00e4tehaus"},"content":{"rendered":"\n<p><\/p>\n\n\n\n<p>Bereits zu Dienstzeiten als 1. Kommandant von Sebastian Rauscher war man \u00fcberzeugt, dass Sandelzhausen ein neues Feuerwehrger\u00e4tehaus braucht. Als Franz Zeilnhofer am 15.06. 1988 seine Nachfolge antrat war f\u00fcr ihn klar, dass er neben seinen Aufgaben als neuer Kommandant in erster Linie dieses gro\u00dfe Ziel verwirklichen musste. Das bisherige Ger\u00e4tehaus hinter der Brauerei Wimmer gen\u00fcgte doch l\u00e4ngst nicht mehr den gesetzlichen Anforderungen, eine Erweiterung ist nicht m\u00f6glich und weder Park- noch \u00dcbungsfl\u00e4che vorhanden.<\/p>\n\n\n\n<p>Die endg\u00fcltige Entscheidung wurde mit einem Zeitungsbericht am 08.02.1991 ver\u00f6ffentlicht.&nbsp;<br>Die gesamte Bausumme betrug 817.000 DM.<\/p>\n\n\n\n<figure class=\"wp-block-image size-full is-resized\"><img loading=\"lazy\" decoding=\"async\" width=\"278\" height=\"215\" src=\"https:\/\/ffw-sandelzhausen.de\/wp-content\/uploads\/2022\/05\/altes_fwhaus.jpg\" alt=\"Das erste Feuerwehrger\u00e4tehaus\u00a0\nvon Sandelzhausen wurde direkt\u00a0\nneben dem Sandelzbach erbaut.\u00a0\nDieser Standort brachte eine ge-\nwisse Hochwassergefahr mit sich,\u00a0\nes waren allerdings nie gr\u00f6\u00dfere\u00a0\nSch\u00e4den zu verzeichnen.\" class=\"wp-image-269\" style=\"width:254px;height:auto\"\/><figcaption class=\"wp-element-caption\"><em>Das erste Feuerwehrger\u00e4tehaus&nbsp;<br>von Sandelzhausen wurde direkt&nbsp;<br>neben dem Sandelzbach erbaut.&nbsp;<br>Dieser Standort brachte eine ge-<br>wisse Hochwassergefahr mit sich,&nbsp;<br>es waren allerdings nie gr\u00f6\u00dfere&nbsp;<br>Sch\u00e4den zu verzeichnen.<\/em><\/figcaption><\/figure>\n\n\n\n<blockquote class=\"wp-block-quote is-layout-flow wp-block-quote-is-layout-flow\">\n<p class=\"has-text-align-center\"><\/p>\n<\/blockquote>\n\n\n\n<figure class=\"wp-block-image size-full\"><img loading=\"lazy\" decoding=\"async\" width=\"462\" height=\"314\" src=\"http:\/\/cms.ffw-sandelzhausen.de\/wp-content\/uploads\/2022\/05\/haus.jpg\" alt=\"\" class=\"wp-image-270\" srcset=\"https:\/\/ffw-sandelzhausen.de\/wp-content\/uploads\/2022\/05\/haus.jpg 462w, https:\/\/ffw-sandelzhausen.de\/wp-content\/uploads\/2022\/05\/haus-300x204.jpg 300w\" sizes=\"auto, (max-width: 462px) 100vw, 462px\" \/><figcaption class=\"wp-element-caption\"><em>Das neue FW-Haus wurde ca. 300 Meter bachaufw\u00e4rts&nbsp; gebaut. Bis jetzt hatten wir noch keine \u00dcberschwemmung.&nbsp;<\/em><\/figcaption><\/figure>\n\n\n\n<figure class=\"wp-block-image size-full\"><img loading=\"lazy\" decoding=\"async\" width=\"305\" height=\"405\" src=\"http:\/\/cms.ffw-sandelzhausen.de\/wp-content\/uploads\/2022\/05\/florian.jpg\" alt=\"\" class=\"wp-image-271\" srcset=\"https:\/\/ffw-sandelzhausen.de\/wp-content\/uploads\/2022\/05\/florian.jpg 305w, https:\/\/ffw-sandelzhausen.de\/wp-content\/uploads\/2022\/05\/florian-226x300.jpg 226w\" sizes=\"auto, (max-width: 305px) 100vw, 305px\" \/><figcaption class=\"wp-element-caption\">Unser Florian<br>Der Schatten kann leider zu keiner Tageszeit vermieden werden.<br>Gezeichnet wurde er eigenh\u00e4ndig von Riedl Max (Kdt.)<\/figcaption><\/figure>\n\n\n\n<figure class=\"wp-block-image size-full\"><img loading=\"lazy\" decoding=\"async\" width=\"503\" height=\"373\" src=\"http:\/\/cms.ffw-sandelzhausen.de\/wp-content\/uploads\/2022\/05\/hinten.jpg\" alt=\"\" class=\"wp-image-272\" srcset=\"https:\/\/ffw-sandelzhausen.de\/wp-content\/uploads\/2022\/05\/hinten.jpg 503w, https:\/\/ffw-sandelzhausen.de\/wp-content\/uploads\/2022\/05\/hinten-300x222.jpg 300w\" sizes=\"auto, (max-width: 503px) 100vw, 503px\" \/><figcaption class=\"wp-element-caption\">Unser Haus aus Sicht des \u00dcbungsplatzes.<\/figcaption><\/figure>\n\n\n\n<figure class=\"wp-block-image size-full\"><img loading=\"lazy\" decoding=\"async\" width=\"433\" height=\"316\" src=\"http:\/\/cms.ffw-sandelzhausen.de\/wp-content\/uploads\/2022\/05\/garage.jpg\" alt=\"\" class=\"wp-image-273\" srcset=\"https:\/\/ffw-sandelzhausen.de\/wp-content\/uploads\/2022\/05\/garage.jpg 433w, https:\/\/ffw-sandelzhausen.de\/wp-content\/uploads\/2022\/05\/garage-300x219.jpg 300w\" sizes=\"auto, (max-width: 433px) 100vw, 433px\" \/><figcaption class=\"wp-element-caption\"><br>Unsere Garage<br>Das sind Grill, Alu-Leiter, M\u00fclltonnen usw. aufbewahrt.<\/figcaption><\/figure>\n\n\n\n<figure class=\"wp-block-image size-full\"><img loading=\"lazy\" decoding=\"async\" width=\"960\" height=\"956\" src=\"https:\/\/ffw-sandelzhausen.de\/wp-content\/uploads\/2023\/12\/310476019_428385939407827_6589744698794892278_n.jpg\" alt=\"\" class=\"wp-image-426\" srcset=\"https:\/\/ffw-sandelzhausen.de\/wp-content\/uploads\/2023\/12\/310476019_428385939407827_6589744698794892278_n.jpg 960w, https:\/\/ffw-sandelzhausen.de\/wp-content\/uploads\/2023\/12\/310476019_428385939407827_6589744698794892278_n-300x300.jpg 300w, https:\/\/ffw-sandelzhausen.de\/wp-content\/uploads\/2023\/12\/310476019_428385939407827_6589744698794892278_n-150x150.jpg 150w, https:\/\/ffw-sandelzhausen.de\/wp-content\/uploads\/2023\/12\/310476019_428385939407827_6589744698794892278_n-768x765.jpg 768w, https:\/\/ffw-sandelzhausen.de\/wp-content\/uploads\/2023\/12\/310476019_428385939407827_6589744698794892278_n-100x100.jpg 100w\" sizes=\"auto, (max-width: 767px) 89vw, (max-width: 1000px) 54vw, (max-width: 1071px) 543px, 580px\" \/><\/figure>\n","protected":false},"excerpt":{"rendered":"<p>Bereits zu Dienstzeiten als 1. Kommandant von Sebastian Rauscher war man \u00fcberzeugt, dass Sandelzhausen ein neues Feuerwehrger\u00e4tehaus braucht. Als Franz Zeilnhofer am 15.06. 1988 seine Nachfolge antrat war f\u00fcr ihn klar, dass er neben seinen Aufgaben als neuer Kommandant in erster Linie dieses gro\u00dfe Ziel verwirklichen musste. Das bisherige Ger\u00e4tehaus hinter der Brauerei Wimmer gen\u00fcgte &hellip; <\/p>\n<p class=\"link-more\"><a href=\"https:\/\/ffw-sandelzhausen.de\/?page_id=268\" class=\"more-link\"><span class=\"screen-reader-text\">\u201eGer\u00e4tehaus\u201c<\/span> weiterlesen<\/a><\/p>\n","protected":false},"author":1,"featured_media":0,"parent":0,"menu_order":0,"comment_status":"closed","ping_status":"closed","template":"","meta":{"footnotes":""},"class_list":["post-268","page","type-page","status-publish","hentry"],"_links":{"self":[{"href":"https:\/\/ffw-sandelzhausen.de\/index.php?rest_route=\/wp\/v2\/pages\/268","targetHints":{"allow":["GET"]}}],"collection":[{"href":"https:\/\/ffw-sandelzhausen.de\/index.php?rest_route=\/wp\/v2\/pages"}],"about":[{"href":"https:\/\/ffw-sandelzhausen.de\/index.php?rest_route=\/wp\/v2\/types\/page"}],"author":[{"embeddable":true,"href":"https:\/\/ffw-sandelzhausen.de\/index.php?rest_route=\/wp\/v2\/users\/1"}],"replies":[{"embeddable":true,"href":"https:\/\/ffw-sandelzhausen.de\/index.php?rest_route=%2Fwp%2Fv2%2Fcomments&post=268"}],"version-history":[{"count":11,"href":"https:\/\/ffw-sandelzhausen.de\/index.php?rest_route=\/wp\/v2\/pages\/268\/revisions"}],"predecessor-version":[{"id":428,"href":"https:\/\/ffw-sandelzhausen.de\/index.php?rest_route=\/wp\/v2\/pages\/268\/revisions\/428"}],"wp:attachment":[{"href":"https:\/\/ffw-sandelzhausen.de\/index.php?rest_route=%2Fwp%2Fv2%2Fmedia&parent=268"}],"curies":[{"name":"wp","href":"https:\/\/api.w.org\/{rel}","templated":true}]}}